{"id":1398,"date":"2025-12-15T11:55:38","date_gmt":"2025-12-15T11:55:38","guid":{"rendered":"https:\/\/madalenadiascabeleireira.pt\/?page_id=1398"},"modified":"2026-01-15T10:53:34","modified_gmt":"2026-01-15T10:53:34","slug":"servicos","status":"publish","type":"page","link":"https:\/\/madalenadiascabeleireira.pt\/?page_id=1398","title":{"rendered":"Servi\u00e7os"},"content":{"rendered":"\t\t<div data-elementor-type=\"wp-page\" data-elementor-id=\"1398\" class=\"elementor elementor-1398\">\n\t\t\t\t<div class=\"elementor-element elementor-element-c8bf8ab e-flex e-con-boxed e-con e-parent\" data-id=\"c8bf8ab\" data-element_type=\"container\" data-settings=\"{&quot;background_background&quot;:&quot;classic&quot;}\">\n\t\t\t\t\t<div class=\"e-con-inner\">\n\t\t<div class=\"elementor-element elementor-element-8c3967b e-con-full e-flex e-con e-child\" data-id=\"8c3967b\" data-element_type=\"container\" data-settings=\"{&quot;background_background&quot;:&quot;classic&quot;}\">\n\t\t\t\t<div class=\"elementor-element elementor-element-9293ac3 elementor-hidden-desktop elementor-position-top elementor-widget elementor-widget-image-box\" data-id=\"9293ac3\" data-element_type=\"widget\" data-widget_type=\"image-box.default\">\n\t\t\t\t\t<div class=\"elementor-image-box-wrapper\"><figure class=\"elementor-image-box-img\"><img fetchpriority=\"high\" decoding=\"async\" width=\"1000\" height=\"1000\" src=\"https:\/\/madalenadiascabeleireira.pt\/wp-content\/uploads\/2025\/12\/Artboard-1.png\" class=\"attachment-full size-full wp-image-1303\" alt=\"Icon_Corte_Dark\" srcset=\"https:\/\/madalenadiascabeleireira.pt\/wp-content\/uploads\/2025\/12\/Artboard-1.png 1000w, https:\/\/madalenadiascabeleireira.pt\/wp-content\/uploads\/2025\/12\/Artboard-1-300x300.png 300w, https:\/\/madalenadiascabeleireira.pt\/wp-content\/uploads\/2025\/12\/Artboard-1-150x150.png 150w, https:\/\/madalenadiascabeleireira.pt\/wp-content\/uploads\/2025\/12\/Artboard-1-768x768.png 768w\" sizes=\"(max-width: 1000px) 100vw, 1000px\" \/><\/figure><div class=\"elementor-image-box-content\"><h3 class=\"elementor-image-box-title\">Corte <br>Feminino<\/h3><p class=\"elementor-image-box-description\">Cortes personalizados, adaptados ao rosto, tipo de cabelo e estilo de vida, com aten\u00e7\u00e3o ao detalhe e ao acabamento. <br>Desde cortes cl\u00e1ssicos a modernos, franjas e cortes em camadas.<\/p><\/div><\/div>\t\t\t\t<\/div>\n\t\t\t\t<div class=\"elementor-element elementor-element-871ccad elementor-position-left elementor-vertical-align-middle elementor-position-top elementor-hidden-tablet elementor-hidden-mobile elementor-widget elementor-widget-image-box\" data-id=\"871ccad\" data-element_type=\"widget\" data-widget_type=\"image-box.default\">\n\t\t\t\t\t<div class=\"elementor-image-box-wrapper\"><figure class=\"elementor-image-box-img\"><img fetchpriority=\"high\" decoding=\"async\" width=\"1000\" height=\"1000\" src=\"https:\/\/madalenadiascabeleireira.pt\/wp-content\/uploads\/2025\/12\/Artboard-1.png\" class=\"attachment-full size-full wp-image-1303\" alt=\"Icon_Corte_Dark\" srcset=\"https:\/\/madalenadiascabeleireira.pt\/wp-content\/uploads\/2025\/12\/Artboard-1.png 1000w, https:\/\/madalenadiascabeleireira.pt\/wp-content\/uploads\/2025\/12\/Artboard-1-300x300.png 300w, https:\/\/madalenadiascabeleireira.pt\/wp-content\/uploads\/2025\/12\/Artboard-1-150x150.png 150w, https:\/\/madalenadiascabeleireira.pt\/wp-content\/uploads\/2025\/12\/Artboard-1-768x768.png 768w\" sizes=\"(max-width: 1000px) 100vw, 1000px\" \/><\/figure><div class=\"elementor-image-box-content\"><h3 class=\"elementor-image-box-title\">Corte Feminino<\/h3><p class=\"elementor-image-box-description\">Cortes personalizados, adaptados ao rosto, tipo de cabelo e estilo de vida, com aten\u00e7\u00e3o ao detalhe e ao acabamento. <br>Desde cortes cl\u00e1ssicos a modernos, franjas e cortes em camadas.<\/p><\/div><\/div>\t\t\t\t<\/div>\n\t\t\t\t<\/div>\n\t\t<div class=\"elementor-element elementor-element-0139ee1 e-con-full e-flex e-con e-child\" data-id=\"0139ee1\" data-element_type=\"container\" data-settings=\"{&quot;background_background&quot;:&quot;classic&quot;}\">\n\t\t\t\t<div class=\"elementor-element elementor-element-a3a271f elementor-hidden-desktop elementor-position-top elementor-widget elementor-widget-image-box\" data-id=\"a3a271f\" data-element_type=\"widget\" data-widget_type=\"image-box.default\">\n\t\t\t\t\t<div class=\"elementor-image-box-wrapper\"><figure class=\"elementor-image-box-img\"><img decoding=\"async\" width=\"1000\" height=\"1000\" src=\"https:\/\/madalenadiascabeleireira.pt\/wp-content\/uploads\/2025\/12\/Artboard-2.png\" class=\"attachment-full size-full wp-image-1304\" alt=\"Icon_Brushing_Dark\" srcset=\"https:\/\/madalenadiascabeleireira.pt\/wp-content\/uploads\/2025\/12\/Artboard-2.png 1000w, https:\/\/madalenadiascabeleireira.pt\/wp-content\/uploads\/2025\/12\/Artboard-2-300x300.png 300w, https:\/\/madalenadiascabeleireira.pt\/wp-content\/uploads\/2025\/12\/Artboard-2-150x150.png 150w, https:\/\/madalenadiascabeleireira.pt\/wp-content\/uploads\/2025\/12\/Artboard-2-768x768.png 768w\" sizes=\"(max-width: 1000px) 100vw, 1000px\" \/><\/figure><div class=\"elementor-image-box-content\"><h3 class=\"elementor-image-box-title\">Brushing e Styling<\/h3><p class=\"elementor-image-box-description\">Modela\u00e7\u00e3o cuidada para um resultado natural, elegante e duradouro, ideal para o dia a dia ou ocasi\u00f5es especiais. <br>Brushing liso ou com volume, ondas suaves, styling natural ou mais definido para diferentes ocasi\u00f5es.<\/p><\/div><\/div>\t\t\t\t<\/div>\n\t\t\t\t<div class=\"elementor-element elementor-element-c99eda9 elementor-position-left elementor-vertical-align-middle elementor-position-top elementor-hidden-tablet elementor-hidden-mobile elementor-widget elementor-widget-image-box\" data-id=\"c99eda9\" data-element_type=\"widget\" data-widget_type=\"image-box.default\">\n\t\t\t\t\t<div class=\"elementor-image-box-wrapper\"><figure class=\"elementor-image-box-img\"><img decoding=\"async\" width=\"1000\" height=\"1000\" src=\"https:\/\/madalenadiascabeleireira.pt\/wp-content\/uploads\/2025\/12\/Artboard-2.png\" class=\"attachment-full size-full wp-image-1304\" alt=\"Icon_Brushing_Dark\" srcset=\"https:\/\/madalenadiascabeleireira.pt\/wp-content\/uploads\/2025\/12\/Artboard-2.png 1000w, https:\/\/madalenadiascabeleireira.pt\/wp-content\/uploads\/2025\/12\/Artboard-2-300x300.png 300w, https:\/\/madalenadiascabeleireira.pt\/wp-content\/uploads\/2025\/12\/Artboard-2-150x150.png 150w, https:\/\/madalenadiascabeleireira.pt\/wp-content\/uploads\/2025\/12\/Artboard-2-768x768.png 768w\" sizes=\"(max-width: 1000px) 100vw, 1000px\" \/><\/figure><div class=\"elementor-image-box-content\"><h3 class=\"elementor-image-box-title\">Brushing e Styling<\/h3><p class=\"elementor-image-box-description\">Modela\u00e7\u00e3o cuidada para um resultado natural, elegante e duradouro, ideal para o dia a dia ou ocasi\u00f5es especiais. <br>Brushing liso ou com volume, ondas suaves, styling natural ou mais definido para diferentes ocasi\u00f5es.<\/p><\/div><\/div>\t\t\t\t<\/div>\n\t\t\t\t<\/div>\n\t\t<div class=\"elementor-element elementor-element-80b30a9 e-con-full e-flex e-con e-child\" data-id=\"80b30a9\" data-element_type=\"container\" data-settings=\"{&quot;background_background&quot;:&quot;classic&quot;}\">\n\t\t\t\t<div class=\"elementor-element elementor-element-bd0c096 elementor-hidden-desktop elementor-position-top elementor-widget elementor-widget-image-box\" data-id=\"bd0c096\" data-element_type=\"widget\" data-widget_type=\"image-box.default\">\n\t\t\t\t\t<div class=\"elementor-image-box-wrapper\"><figure class=\"elementor-image-box-img\"><img decoding=\"async\" width=\"1000\" height=\"1000\" src=\"https:\/\/madalenadiascabeleireira.pt\/wp-content\/uploads\/2025\/12\/Artboard-3.png\" class=\"attachment-full size-full wp-image-1305\" alt=\"Icon_Penteados_Dark\" srcset=\"https:\/\/madalenadiascabeleireira.pt\/wp-content\/uploads\/2025\/12\/Artboard-3.png 1000w, https:\/\/madalenadiascabeleireira.pt\/wp-content\/uploads\/2025\/12\/Artboard-3-300x300.png 300w, https:\/\/madalenadiascabeleireira.pt\/wp-content\/uploads\/2025\/12\/Artboard-3-150x150.png 150w, https:\/\/madalenadiascabeleireira.pt\/wp-content\/uploads\/2025\/12\/Artboard-3-768x768.png 768w\" sizes=\"(max-width: 1000px) 100vw, 1000px\" \/><\/figure><div class=\"elementor-image-box-content\"><h3 class=\"elementor-image-box-title\">Penteados para Eventos<\/h3><p class=\"elementor-image-box-description\">Penteados pensados para momentos especiais, com equil\u00edbrio entre eleg\u00e2ncia, conforto e durabilidade.<br>Soltos, semi-presos ou apanhados, ideais para casamentos, festas etc.<\/p><\/div><\/div>\t\t\t\t<\/div>\n\t\t\t\t<div class=\"elementor-element elementor-element-133adcb elementor-position-left elementor-vertical-align-middle elementor-position-top elementor-hidden-tablet elementor-hidden-mobile elementor-widget elementor-widget-image-box\" data-id=\"133adcb\" data-element_type=\"widget\" data-widget_type=\"image-box.default\">\n\t\t\t\t\t<div class=\"elementor-image-box-wrapper\"><figure class=\"elementor-image-box-img\"><img decoding=\"async\" width=\"1000\" height=\"1000\" src=\"https:\/\/madalenadiascabeleireira.pt\/wp-content\/uploads\/2025\/12\/Artboard-3.png\" class=\"attachment-full size-full wp-image-1305\" alt=\"Icon_Penteados_Dark\" srcset=\"https:\/\/madalenadiascabeleireira.pt\/wp-content\/uploads\/2025\/12\/Artboard-3.png 1000w, https:\/\/madalenadiascabeleireira.pt\/wp-content\/uploads\/2025\/12\/Artboard-3-300x300.png 300w, https:\/\/madalenadiascabeleireira.pt\/wp-content\/uploads\/2025\/12\/Artboard-3-150x150.png 150w, https:\/\/madalenadiascabeleireira.pt\/wp-content\/uploads\/2025\/12\/Artboard-3-768x768.png 768w\" sizes=\"(max-width: 1000px) 100vw, 1000px\" \/><\/figure><div class=\"elementor-image-box-content\"><h3 class=\"elementor-image-box-title\">Penteados para Eventos<\/h3><p class=\"elementor-image-box-description\">Penteados pensados para momentos especiais, com equil\u00edbrio entre eleg\u00e2ncia, conforto e durabilidade.<br>Soltos, semi-presos ou apanhados, ideais para casamentos, festas etc.<\/p><\/div><\/div>\t\t\t\t<\/div>\n\t\t\t\t<\/div>\n\t\t<div class=\"elementor-element elementor-element-11bb4f0 e-con-full e-flex e-con e-child\" data-id=\"11bb4f0\" data-element_type=\"container\" data-settings=\"{&quot;background_background&quot;:&quot;classic&quot;}\">\n\t\t\t\t<div class=\"elementor-element elementor-element-b5c4a7a elementor-hidden-desktop elementor-position-top elementor-widget elementor-widget-image-box\" data-id=\"b5c4a7a\" data-element_type=\"widget\" data-widget_type=\"image-box.default\">\n\t\t\t\t\t<div class=\"elementor-image-box-wrapper\"><figure class=\"elementor-image-box-img\"><img loading=\"lazy\" decoding=\"async\" width=\"1000\" height=\"1000\" src=\"https:\/\/madalenadiascabeleireira.pt\/wp-content\/uploads\/2025\/12\/Artboard-4.png\" class=\"attachment-full size-full wp-image-1306\" alt=\"Icon_Colora\u00e7\u00e3o_Dark\" srcset=\"https:\/\/madalenadiascabeleireira.pt\/wp-content\/uploads\/2025\/12\/Artboard-4.png 1000w, https:\/\/madalenadiascabeleireira.pt\/wp-content\/uploads\/2025\/12\/Artboard-4-300x300.png 300w, https:\/\/madalenadiascabeleireira.pt\/wp-content\/uploads\/2025\/12\/Artboard-4-150x150.png 150w, https:\/\/madalenadiascabeleireira.pt\/wp-content\/uploads\/2025\/12\/Artboard-4-768x768.png 768w\" sizes=\"(max-width: 1000px) 100vw, 1000px\" \/><\/figure><div class=\"elementor-image-box-content\"><h3 class=\"elementor-image-box-title\">Colora\u00e7\u00e3o<\/h3><p class=\"elementor-image-box-description\">Servi\u00e7os de colora\u00e7\u00e3o realizados com t\u00e9cnica e precis\u00e3o, para real\u00e7ar a cor, o brilho e a harmonia do cabelo. <br>\nColora\u00e7\u00e3o global, madeixas, balayage, ombr\u00e9, tonaliza\u00e7\u00e3o e corre\u00e7\u00e3o de cor, sempre adaptadas ao cabelo e ao resultado pretendido.<\/p><\/div><\/div>\t\t\t\t<\/div>\n\t\t\t\t<div class=\"elementor-element elementor-element-112396b elementor-position-left elementor-position-top elementor-vertical-align-middle elementor-hidden-tablet elementor-hidden-mobile elementor-widget elementor-widget-image-box\" data-id=\"112396b\" data-element_type=\"widget\" data-widget_type=\"image-box.default\">\n\t\t\t\t\t<div class=\"elementor-image-box-wrapper\"><figure class=\"elementor-image-box-img\"><img loading=\"lazy\" decoding=\"async\" width=\"1000\" height=\"1000\" src=\"https:\/\/madalenadiascabeleireira.pt\/wp-content\/uploads\/2025\/12\/Artboard-4.png\" class=\"attachment-full size-full wp-image-1306\" alt=\"Icon_Colora\u00e7\u00e3o_Dark\" srcset=\"https:\/\/madalenadiascabeleireira.pt\/wp-content\/uploads\/2025\/12\/Artboard-4.png 1000w, https:\/\/madalenadiascabeleireira.pt\/wp-content\/uploads\/2025\/12\/Artboard-4-300x300.png 300w, https:\/\/madalenadiascabeleireira.pt\/wp-content\/uploads\/2025\/12\/Artboard-4-150x150.png 150w, https:\/\/madalenadiascabeleireira.pt\/wp-content\/uploads\/2025\/12\/Artboard-4-768x768.png 768w\" sizes=\"(max-width: 1000px) 100vw, 1000px\" \/><\/figure><div class=\"elementor-image-box-content\"><h3 class=\"elementor-image-box-title\">Colora\u00e7\u00e3o<\/h3><p class=\"elementor-image-box-description\">Servi\u00e7os de colora\u00e7\u00e3o realizados com t\u00e9cnica e precis\u00e3o, para real\u00e7ar a cor, o brilho e a harmonia do cabelo. <br>\nColora\u00e7\u00e3o global, madeixas, balayage, ombr\u00e9, tonaliza\u00e7\u00e3o e corre\u00e7\u00e3o de cor, sempre adaptadas ao cabelo e ao resultado pretendido.<\/p><\/div><\/div>\t\t\t\t<\/div>\n\t\t\t\t<\/div>\n\t\t<div class=\"elementor-element elementor-element-7606c00 e-con-full e-flex e-con e-child\" data-id=\"7606c00\" data-element_type=\"container\" data-settings=\"{&quot;background_background&quot;:&quot;classic&quot;}\">\n\t\t\t\t<div class=\"elementor-element elementor-element-a5eca6e elementor-hidden-desktop elementor-position-top elementor-widget elementor-widget-image-box\" data-id=\"a5eca6e\" data-element_type=\"widget\" data-widget_type=\"image-box.default\">\n\t\t\t\t\t<div class=\"elementor-image-box-wrapper\"><figure class=\"elementor-image-box-img\"><img loading=\"lazy\" decoding=\"async\" width=\"1000\" height=\"1000\" src=\"https:\/\/madalenadiascabeleireira.pt\/wp-content\/uploads\/2025\/12\/Artboard-5.png\" class=\"attachment-full size-full wp-image-1307\" alt=\"Icon_Tratamentos_Dark\" srcset=\"https:\/\/madalenadiascabeleireira.pt\/wp-content\/uploads\/2025\/12\/Artboard-5.png 1000w, https:\/\/madalenadiascabeleireira.pt\/wp-content\/uploads\/2025\/12\/Artboard-5-300x300.png 300w, https:\/\/madalenadiascabeleireira.pt\/wp-content\/uploads\/2025\/12\/Artboard-5-150x150.png 150w, https:\/\/madalenadiascabeleireira.pt\/wp-content\/uploads\/2025\/12\/Artboard-5-768x768.png 768w\" sizes=\"(max-width: 1000px) 100vw, 1000px\" \/><\/figure><div class=\"elementor-image-box-content\"><h3 class=\"elementor-image-box-title\">Tratamentos Capilares<\/h3><p class=\"elementor-image-box-description\">Cuidados espec\u00edficos para fortalecer e revitalizar o cabelo, respeitando a sua sa\u00fade e necessidades.<br>Hidrata\u00e7\u00e3o profunda, nutri\u00e7\u00e3o, reconstru\u00e7\u00e3o, tratamentos anti-quebra e cuidados do couro cabeludo.<\/p><\/div><\/div>\t\t\t\t<\/div>\n\t\t\t\t<div class=\"elementor-element elementor-element-75e746c elementor-position-left elementor-vertical-align-middle elementor-position-top elementor-hidden-tablet elementor-hidden-mobile elementor-widget elementor-widget-image-box\" data-id=\"75e746c\" data-element_type=\"widget\" data-widget_type=\"image-box.default\">\n\t\t\t\t\t<div class=\"elementor-image-box-wrapper\"><figure class=\"elementor-image-box-img\"><img loading=\"lazy\" decoding=\"async\" width=\"1000\" height=\"1000\" src=\"https:\/\/madalenadiascabeleireira.pt\/wp-content\/uploads\/2025\/12\/Artboard-5.png\" class=\"attachment-full size-full wp-image-1307\" alt=\"Icon_Tratamentos_Dark\" srcset=\"https:\/\/madalenadiascabeleireira.pt\/wp-content\/uploads\/2025\/12\/Artboard-5.png 1000w, https:\/\/madalenadiascabeleireira.pt\/wp-content\/uploads\/2025\/12\/Artboard-5-300x300.png 300w, https:\/\/madalenadiascabeleireira.pt\/wp-content\/uploads\/2025\/12\/Artboard-5-150x150.png 150w, https:\/\/madalenadiascabeleireira.pt\/wp-content\/uploads\/2025\/12\/Artboard-5-768x768.png 768w\" sizes=\"(max-width: 1000px) 100vw, 1000px\" \/><\/figure><div class=\"elementor-image-box-content\"><h3 class=\"elementor-image-box-title\">Tratamentos Capilares<\/h3><p class=\"elementor-image-box-description\">Cuidados espec\u00edficos para fortalecer e revitalizar o cabelo, respeitando a sua sa\u00fade e necessidades.<br>Hidrata\u00e7\u00e3o profunda, nutri\u00e7\u00e3o, reconstru\u00e7\u00e3o, tratamentos anti-quebra e cuidados do couro cabeludo.<\/p><\/div><\/div>\t\t\t\t<\/div>\n\t\t\t\t<\/div>\n\t\t<div class=\"elementor-element elementor-element-52fe9ca e-con-full e-flex e-con e-child\" data-id=\"52fe9ca\" data-element_type=\"container\" data-settings=\"{&quot;background_background&quot;:&quot;classic&quot;}\">\n\t\t\t\t<div class=\"elementor-element elementor-element-d7310ff elementor-hidden-desktop elementor-position-top elementor-widget elementor-widget-image-box\" data-id=\"d7310ff\" data-element_type=\"widget\" data-widget_type=\"image-box.default\">\n\t\t\t\t\t<div class=\"elementor-image-box-wrapper\"><figure class=\"elementor-image-box-img\"><img loading=\"lazy\" decoding=\"async\" width=\"1000\" height=\"1000\" src=\"https:\/\/madalenadiascabeleireira.pt\/wp-content\/uploads\/2025\/12\/Artboard-6.png\" class=\"attachment-full size-full wp-image-1302\" alt=\"Icon_Manicure_Dark\" srcset=\"https:\/\/madalenadiascabeleireira.pt\/wp-content\/uploads\/2025\/12\/Artboard-6.png 1000w, https:\/\/madalenadiascabeleireira.pt\/wp-content\/uploads\/2025\/12\/Artboard-6-300x300.png 300w, https:\/\/madalenadiascabeleireira.pt\/wp-content\/uploads\/2025\/12\/Artboard-6-150x150.png 150w, https:\/\/madalenadiascabeleireira.pt\/wp-content\/uploads\/2025\/12\/Artboard-6-768x768.png 768w\" sizes=\"(max-width: 1000px) 100vw, 1000px\" \/><\/figure><div class=\"elementor-image-box-content\"><h3 class=\"elementor-image-box-title\">Manicure e Pedicure<\/h3><p class=\"elementor-image-box-description\">Tratamentos essenciais para m\u00e3os e p\u00e9s, com acabamento cuidado e aten\u00e7\u00e3o ao conforto. Inclui manicure e pedicure simples, verniz gel e cuidados b\u00e1sicos para uma apresenta\u00e7\u00e3o limpa, elegante e duradoura.<\/p><\/div><\/div>\t\t\t\t<\/div>\n\t\t\t\t<div class=\"elementor-element elementor-element-ed164d9 elementor-position-left elementor-vertical-align-middle elementor-position-top elementor-hidden-tablet elementor-hidden-mobile elementor-widget elementor-widget-image-box\" data-id=\"ed164d9\" data-element_type=\"widget\" data-widget_type=\"image-box.default\">\n\t\t\t\t\t<div class=\"elementor-image-box-wrapper\"><figure class=\"elementor-image-box-img\"><img loading=\"lazy\" decoding=\"async\" width=\"1000\" height=\"1000\" src=\"https:\/\/madalenadiascabeleireira.pt\/wp-content\/uploads\/2025\/12\/Artboard-6.png\" class=\"attachment-full size-full wp-image-1302\" alt=\"Icon_Manicure_Dark\" srcset=\"https:\/\/madalenadiascabeleireira.pt\/wp-content\/uploads\/2025\/12\/Artboard-6.png 1000w, https:\/\/madalenadiascabeleireira.pt\/wp-content\/uploads\/2025\/12\/Artboard-6-300x300.png 300w, https:\/\/madalenadiascabeleireira.pt\/wp-content\/uploads\/2025\/12\/Artboard-6-150x150.png 150w, https:\/\/madalenadiascabeleireira.pt\/wp-content\/uploads\/2025\/12\/Artboard-6-768x768.png 768w\" sizes=\"(max-width: 1000px) 100vw, 1000px\" \/><\/figure><div class=\"elementor-image-box-content\"><h3 class=\"elementor-image-box-title\">Manicure e Pedicure<\/h3><p class=\"elementor-image-box-description\">Tratamentos essenciais para m\u00e3os e p\u00e9s, com acabamento cuidado e aten\u00e7\u00e3o ao conforto. Inclui manicure e pedicure simples, verniz gel e cuidados b\u00e1sicos para uma apresenta\u00e7\u00e3o limpa, elegante e duradoura.<\/p><\/div><\/div>\t\t\t\t<\/div>\n\t\t\t\t<\/div>\n\t\t\t\t\t<\/div>\n\t\t\t\t<\/div>\n\t\t\t\t<\/div>\n\t\t","protected":false},"excerpt":{"rendered":"<p>Corte Feminino Cortes personalizados, adaptados ao rosto, tipo de cabelo e estilo de vida, com aten\u00e7\u00e3o ao detalhe e ao acabamento. Desde cortes cl\u00e1ssicos a modernos, franjas e cortes em camadas. Corte Feminino Cortes personalizados, adaptados ao rosto, tipo de cabelo e estilo de vida, com aten\u00e7\u00e3o ao detalhe e ao acabamento. Desde cortes cl\u00e1ssicos [&hellip;]<\/p>\n","protected":false},"author":1,"featured_media":1336,"parent":0,"menu_order":0,"comment_status":"closed","ping_status":"closed","template":"","meta":{"footnotes":""},"class_list":["post-1398","page","type-page","status-publish","has-post-thumbnail","hentry"],"blocksy_meta":[],"_links":{"self":[{"href":"https:\/\/madalenadiascabeleireira.pt\/index.php?rest_route=\/wp\/v2\/pages\/1398","targetHints":{"allow":["GET"]}}],"collection":[{"href":"https:\/\/madalenadiascabeleireira.pt\/index.php?rest_route=\/wp\/v2\/pages"}],"about":[{"href":"https:\/\/madalenadiascabeleireira.pt\/index.php?rest_route=\/wp\/v2\/types\/page"}],"author":[{"embeddable":true,"href":"https:\/\/madalenadiascabeleireira.pt\/index.php?rest_route=\/wp\/v2\/users\/1"}],"replies":[{"embeddable":true,"href":"https:\/\/madalenadiascabeleireira.pt\/index.php?rest_route=%2Fwp%2Fv2%2Fcomments&post=1398"}],"version-history":[{"count":34,"href":"https:\/\/madalenadiascabeleireira.pt\/index.php?rest_route=\/wp\/v2\/pages\/1398\/revisions"}],"predecessor-version":[{"id":1549,"href":"https:\/\/madalenadiascabeleireira.pt\/index.php?rest_route=\/wp\/v2\/pages\/1398\/revisions\/1549"}],"wp:featuredmedia":[{"embeddable":true,"href":"https:\/\/madalenadiascabeleireira.pt\/index.php?rest_route=\/wp\/v2\/media\/1336"}],"wp:attachment":[{"href":"https:\/\/madalenadiascabeleireira.pt\/index.php?rest_route=%2Fwp%2Fv2%2Fmedia&parent=1398"}],"curies":[{"name":"wp","href":"https:\/\/api.w.org\/{rel}","templated":true}]}}