{"id":3,"date":"2025-12-04T12:11:03","date_gmt":"2025-12-04T12:11:03","guid":{"rendered":"https:\/\/madalenadiascabeleireira.pt\/?page_id=3"},"modified":"2026-01-15T10:41:43","modified_gmt":"2026-01-15T10:41:43","slug":"privacy-policy-2","status":"publish","type":"page","link":"https:\/\/madalenadiascabeleireira.pt\/?page_id=3","title":{"rendered":"Pol\u00edtica de Privacidade"},"content":{"rendered":"\t\t<div data-elementor-type=\"wp-page\" data-elementor-id=\"3\" class=\"elementor elementor-3\">\n\t\t\t\t<div class=\"elementor-element elementor-element-cdb3c55 e-flex e-con-boxed e-con e-parent\" data-id=\"cdb3c55\" data-element_type=\"container\">\n\t\t\t\t\t<div class=\"e-con-inner\">\n\t\t\t\t<div class=\"elementor-element elementor-element-71244c5 elementor-widget elementor-widget-text-editor\" data-id=\"71244c5\" data-element_type=\"widget\" data-widget_type=\"text-editor.default\">\n\t\t\t\t\t\t\t\t\t<p>Esta pol\u00edtica de privacidade e tratamento de dados aplica-se especifica e exclusivamente \u00e0 atividade da\u00a0<strong><a href=\"https:\/\/madalenadiascabeleireira.pt\/\">Madalena Dias Cabeleireiro<\/a><\/strong>, propriet\u00e1ria do website <a href=\"https:\/\/madalenadiascabeleireira.pt\/\">https:\/\/madalenadiascabeleireira.pt\/<\/a>, e manifesta o seu total compromisso no\u00a0<strong>tratamento de dados pessoais<\/strong>\u00a0que nos transmitir em conformidade com a\u00a0<strong>Pol\u00edtica de Privacidade<\/strong>\u00a0e a\u00a0<strong><a href=\"https:\/\/madalenadiascabeleireira.pt\/?page_id=1446\">Pol\u00edtica de Cookies<\/a><\/strong>\u00a0vigente a cada momento, pelo que sugerimos que leia atentamente as referidas pol\u00edticas de modo a avaliar se est\u00e1 de acordo com as mesmas.<\/p><p><strong>DADOS RECOLHIDOS, RESPETIVAS FINALIDADES E TRATAMENTO DE DADOS<\/strong><\/p><p>A\u00a0<strong><a href=\"https:\/\/madalenadiascabeleireira.pt\/\">Madalena Dias Cabeleireiro<\/a><\/strong>, atrav\u00e9s do website poder\u00e1\u00a0<strong>recolher dados pessoais<\/strong>\u00a0com as seguintes finalidades:<\/p><ol class=\"wp-block-list\"><li>Para atender \u00e0s solicita\u00e7\u00f5es ou pedidos realizados atrav\u00e9s do\u00a0<strong>website<\/strong>\u00a0e\u00a0<strong>e-mails<\/strong>;<\/li><li><strong>An\u00e1lise de funcionalidade<\/strong>\u00a0e qualidade dos nossos servi\u00e7os;<\/li><\/ol><p>A\u00a0<strong><a href=\"https:\/\/madalenadiascabeleireira.pt\/\">Madalena Dias Cabeleireiro<\/a>\u00a0n\u00e3o recolhe intencionalmente informa\u00e7\u00e3o pessoal de menores de 18 anos<\/strong>. Se detetar que recolhe, de forma involunt\u00e1ria, informa\u00e7\u00e3o pessoal de menores de 18 anos, a\u00a0<strong><a href=\"https:\/\/madalenadiascabeleireira.pt\/\">Madalena Dias Cabeleireiro<\/a><\/strong>\u00a0tomar\u00e1 as medidas necess\u00e1rias para eliminar a informa\u00e7\u00e3o o mais rapidamente poss\u00edvel, exceto se for obrigada pela legisla\u00e7\u00e3o aplic\u00e1vel a conserv\u00e1-la.<\/p><p>Em qualquer dos casos os direitos\u00a0<strong>ARCO (Acesso, Retifica\u00e7\u00e3o, Corre\u00e7\u00e3o, Oposi\u00e7\u00e3o)<\/strong>\u00a0previstos no\u00a0<strong>RGPD (Regulamento Geral de Prote\u00e7\u00e3o de Dados)<\/strong> ser\u00e3o escrupulosamente respeitados, sendo que para o seu exerc\u00edcio dever\u00e1 remeter um e-mail para <a href=\"mailto:barreiracabeleireiro@gmail.com\">barreiracabeleireiro@gmail.com<\/a> informando detalhadamente a informa\u00e7\u00e3o ou a\u00e7\u00e3o que pretende que seja prestada ou realizada.<\/p><p>A\u00a0<strong><a href=\"https:\/\/madalenadiascabeleireira.pt\/\">Madalena Dias Cabeleireira<\/a><\/strong>\u00a0rev\u00ea frequentemente as suas\u00a0<strong>pol\u00edticas de recolha, armazenamento e processamento de dados<\/strong>\u00a0para garantir que apenas recolhe, armazena e processa a informa\u00e7\u00e3o indispens\u00e1vel \u00e0 presta\u00e7\u00e3o ou melhoria dos servi\u00e7os.<\/p><ul class=\"wp-block-list\"><li><strong>Um formul\u00e1rio de contacto em que s\u00e3o solicitados os seguintes dados:\u00a0<em>nome, empresa, e-mail, telefone, assunto, mensagem<\/em>.<\/strong><br \/>Estes dados ser\u00e3o recolhidos ap\u00f3s consentimento e autoriza\u00e7\u00e3o expressa por parte do utilizador, existindo para o efeito uma caixa de autoriza\u00e7\u00e3o que o utilizador dever\u00e1 assinalar. Os dados submetidos ser\u00e3o tratados e utilizados exclusivamente para efeitos de resposta \u00e0 comunica\u00e7\u00e3o que o utilizador submeter. Os dados recolhidos n\u00e3o ser\u00e3o transmitidos a terceiros, salvo em situa\u00e7\u00f5es relacionadas com imperativos legais.<\/li><li><strong>Um formul\u00e1rio de subscri\u00e7\u00e3o da Newsletter em que s\u00e3o solicitados os seguintes dados:\u00a0<em>nome, e-mail<\/em>.<\/strong><br \/>Estes dados ser\u00e3o recolhidos ap\u00f3s consentimento e autoriza\u00e7\u00e3o expressa por parte do utilizador, existindo para o efeito uma caixa de autoriza\u00e7\u00e3o que o utilizador dever\u00e1 assinalar. Os dados submetidos ser\u00e3o tratados e utilizados exclusivamente para efeitos de resposta \u00e0 comunica\u00e7\u00e3o que o utilizador submeter. Os dados recolhidos n\u00e3o ser\u00e3o transmitidos a terceiros, salvo em situa\u00e7\u00f5es relacionadas com imperativos legais.<\/li><\/ul><p><strong>DESTINAT\u00c1RIO DOS DADOS<\/strong><\/p><p>A\u00a0<strong><a href=\"https:\/\/madalenadiascabeleireira.pt\/\">Madalena Dias Cabeleireiro<\/a><\/strong>\u00a0poder\u00e1\u00a0<strong>subcontratar outras empresas<\/strong>\u00a0para a presta\u00e7\u00e3o de determinados servi\u00e7os, nomeadamente empresas de manuten\u00e7\u00e3o do website e outros servi\u00e7os digitais. Nestes casos, estas entidades poder\u00e3o necessitar de aceder a certa informa\u00e7\u00e3o e dados dos utilizadores. A\u00a0<strong><a href=\"https:\/\/madalenadiascabeleireira.pt\/\">Madalena Dias Cabeleireiro<\/a><\/strong>\u00a0garante que, nestes casos, estas entidades ter\u00e3o um\u00a0<strong>acesso limitado \u00e0 informa\u00e7\u00e3o dos utilizadores<\/strong>, restringido unicamente \u00e0queles dados necess\u00e1rios para a execu\u00e7\u00e3o das tarefas contratadas. Garante, ainda, que, caso se verifique esta subcontrata\u00e7\u00e3o, ser\u00e1 outorgado um\u00a0<strong>contrato<\/strong>\u00a0entre as partes no qual se\u00a0<strong>regular\u00e1 a prote\u00e7\u00e3o dos dados pessoais<\/strong>\u00a0e onde estas entidades se obrigar\u00e3o a n\u00e3o revelar, por qualquer forma, os dados pessoais, nem a utiliz\u00e1-los para fins distintos da presta\u00e7\u00e3o dos servi\u00e7os contratados.<\/p><p>Da mesma forma, a\u00a0<strong><a href=\"https:\/\/madalenadiascabeleireira.pt\/\">Madalena Dias Cabeleireiro<\/a><\/strong>\u00a0poder\u00e1\u00a0<strong>comunicar os seus dados pessoais<\/strong>, quando assim seja\u00a0<strong>determinado por lei<\/strong>, no \u00e2mbito de um processo judicial ou no \u00e2mbito de investiga\u00e7\u00f5es de atividades suspeitas.<\/p><p>A\u00a0<strong>transmiss\u00e3o de dados<\/strong>\u00a0a terceiros apenas poder\u00e1 ser feita ap\u00f3s a obten\u00e7\u00e3o do\u00a0<strong>consentimento<\/strong>\u00a0do detentor dos dados, a qual dever\u00e1 incluir a refer\u00eancia a todos os dados a transmitir que s\u00e3o autorizados, o fim a que se destina a sua ced\u00eancia e a identifica\u00e7\u00e3o do destinat\u00e1rio dessa mesma transmiss\u00e3o dos dados. Nestes casos, compete ao detentor dos dados pessoais assegurar-se que conhece e concorda com a\u00a0<strong>pol\u00edtica de prote\u00e7\u00e3o e tratamento de dados<\/strong>\u00a0da entidade que receber\u00e1 a informa\u00e7\u00e3o ap\u00f3s autoriza\u00e7\u00e3o.<\/p><p><strong>RESPONS\u00c1VEL PELO TRATAMENTO DOS DADOS<\/strong><\/p><p>A respons\u00e1vel pelo tratamento dos seus dados pessoais \u00e9 a\u00a0<a href=\"https:\/\/madalenadiascabeleireira.pt\/\"><strong>Madalena Dias Cabeleireiro<\/strong>.<\/a><\/p><p>O utilizador poder\u00e1 contactar a\u00a0<strong><a href=\"https:\/\/madalenadiascabeleireira.pt\/\">Madalena Dias Cabeleireiro<\/a><\/strong>\u00a0atrav\u00e9s dos meios indicados na sec\u00e7\u00e3o\u00a0<strong>\u201c<a href=\"https:\/\/madalenadiascabeleireira.pt\/?page_id=963\">Contactos<\/a><\/strong>\u201c.<\/p><p><strong>ARMAZENAMENTO DE DADOS<\/strong><\/p><p>A\u00a0<strong><a href=\"https:\/\/madalenadiascabeleireira.pt\/\">Madalena Dias Cabeleireiro<\/a><\/strong>\u00a0guarda em\u00a0<strong>servidores<\/strong>\u00a0que se encontram em ambiente seguro, protegidos de acessos n\u00e3o autorizados, uso ou divulga\u00e7\u00e3o, os dados pessoais que o utilizador fornece. A\u00a0<strong><a href=\"https:\/\/madalenadiascabeleireira.pt\/\">Madalena Dias Cabeleireiro<\/a><\/strong>\u00a0adota os procedimentos t\u00e9cnicos, eletr\u00f3nicos e organizativos necess\u00e1rios e adequados a\u00a0<strong>garantir a seguran\u00e7a<\/strong>\u00a0dos seus dados pessoais e a\u00a0<strong>prevenir a sua perda, m\u00e1 utiliza\u00e7\u00e3o ou acesso indevido<\/strong>.<\/p><p>Os dados pessoais constantes de\u00a0<strong>documentos escritos<\/strong>\u00a0s\u00e3o\u00a0<strong>preservados e guardados<\/strong>\u00a0nas nossas\u00a0<strong>instala\u00e7\u00f5es<\/strong>\u00a0e protegidos de acessos n\u00e3o autorizados ou controlados por parte de terceiros.<\/p><p>A\u00a0<strong><a href=\"https:\/\/madalenadiascabeleireira.pt\/\">Madalena Dias Cabeleireiro<\/a><\/strong>\u00a0adota os procedimentos adequados para garantir que a sua informa\u00e7\u00e3o \u00e9 certa, completa e atual, mas\u00a0<strong>depende do utilizador atualizar ou corrigir a sua informa\u00e7\u00e3o pessoal<\/strong>\u00a0quando necess\u00e1rio.<\/p><p>Uma vez que a recolha dos dados pessoais \u00e9 feita em\u00a0<strong>rede aberta (internet)<\/strong>, estes poder\u00e3o, eventualmente, circular na rede\u00a0<strong>sem condi\u00e7\u00f5es de seguran\u00e7a<\/strong>, podendo vir a ser visualizados e\/ou utilizados por terceiros n\u00e3o autorizados para o efeito, n\u00e3o obstante terem sido tomadas medidas de seguran\u00e7a apropriadas contra a destrui\u00e7\u00e3o, acidental ou n\u00e3o autorizada, e a perda acidental e tamb\u00e9m contra o acesso, a modifica\u00e7\u00e3o ou a difus\u00e3o n\u00e3o autorizada.<\/p><p>A\u00a0<strong><a href=\"https:\/\/madalenadiascabeleireira.pt\/\">Madalena Dias Cabeleireiro<\/a><\/strong>\u00a0n\u00e3o toma decis\u00f5es automatizadas.<\/p><p><strong>DIREITOS DO UTILIZADOR (DIREITOS ARCO)<\/strong><\/p><p>De acordo com a legisla\u00e7\u00e3o aplic\u00e1vel, a\u00a0<strong><a href=\"https:\/\/madalenadiascabeleireira.pt\/\">Madalena Dias Cabeleireiro<\/a><\/strong>\u00a0compromete-se a respeitar a confidencialidade da sua informa\u00e7\u00e3o de car\u00e1ter pessoal e garantir o exerc\u00edcio dos seus direitos, nomeadamente:<\/p><ol class=\"wp-block-list\"><li><strong>Direito a ser informado:<\/strong>\u00a0o utilizador tem direito a obter informa\u00e7\u00e3o clara, transparente e compreens\u00edvel sobre a forma como a\u00a0<strong><a href=\"https:\/\/madalenadiascabeleireira.pt\/\">Madalena Dias Cabeleireiro<\/a><\/strong>\u00a0usa os seus dados pessoais.<\/li><li><strong>Direito de acesso<\/strong>: em complemento ao direito de informa\u00e7\u00e3o, poder\u00e1 solicitar o acesso aos seus dados pessoais que tratamos e conservamos. Para o efeito, dever\u00e1 entrar em contacto com a\u00a0<strong><a href=\"https:\/\/madalenadiascabeleireira.pt\/\">Madalena Dias Cabeleireiro<\/a><\/strong> atrav\u00e9s do endere\u00e7o de e-mail <a href=\"mailto:barreiracabeleireiro@gmail.com\">barreiracabeleireiro@gmail.com<\/a>. Neste seguimento, o endere\u00e7o de e-mail que utilizar para entrar em contacto com a <strong><a href=\"https:\/\/madalenadiascabeleireira.pt\/\">Madalena Dias Cabeleireiro<\/a><\/strong>\u00a0ser\u00e1 utilizado exclusivamente para resposta ao pedido a n\u00f3s dirigido. A\u00a0<strong><a href=\"https:\/\/madalenadiascabeleireira.pt\/\">Madalena Dias Cabeleireiro<\/a><\/strong>\u00a0facultar-lhe-\u00e1 uma c\u00f3pia dos dados pessoais que s\u00e3o objeto de tratamento.<\/li><li><strong>Direito de retifica\u00e7\u00e3o:<\/strong>\u00a0tem direito a retificar os seus dados pessoais se os mesmos estiverem incorretos, desatualizados ou se pretender complet\u00e1-los. Para o efeito, dever\u00e1 entrar em contacto com a\u00a0<strong><a href=\"https:\/\/madalenadiascabeleireira.pt\/\">Madalena Dias Cabeleireiro<\/a><\/strong> atrav\u00e9s do endere\u00e7o de e-mail <a href=\"mailto:barreiracabeleireiro@gmail.com\">barreiracabeleireiro@gmail.com<\/a>.\u00a0Neste seguimento, o endere\u00e7o de e-mail que utilizar para entrar em contacto com a\u00a0<strong><a href=\"https:\/\/madalenadiascabeleireira.pt\/\">Madalena Dias Cabeleireiro<\/a><\/strong>\u00a0ser\u00e1 utilizado exclusivamente para resposta ao pedido a n\u00f3s dirigido.<\/li><li><strong>Direito de elimina\u00e7\u00e3o\/direito a ser esquecido:<\/strong> pode solicitar-nos que eliminemos os seus dados. Para o efeito, dever\u00e1 dirigir-nos esse pedido para o endere\u00e7o de e-mail <a href=\"mailto:barreiracabeleireiro@gmail.com\">barreiracabeleireiro@gmail.com<\/a>. No entanto, por favor, tenha em considera\u00e7\u00e3o que este n\u00e3o \u00e9 um direito absoluto, uma vez que podemos ter fundamentos legais ou outros interesses leg\u00edtimos para a reten\u00e7\u00e3o dos seus dados pessoais.<\/li><li><strong>Direito de oposi\u00e7\u00e3o, incluindo a marketing direto:<\/strong>\u00a0o utilizador poder\u00e1, a qualquer momento, cancelar a sua subscri\u00e7\u00e3o da newsletter, sendo que ser\u00e1 disponibilizado em cada newsletter um bot\u00e3o para esse efeito. Este pedido poder\u00e1, ainda, ser-nos dirigido por telefone, e-mail ou via website.<\/li><li><strong>Direito de, a qualquer momento, retirar o seu consentimento para o tratamento de dados:<\/strong>\u00a0pode retirar o seu consentimento ao tratamento de dados quando o referido tratamento for baseado no seu consentimento. A retirada de consentimento n\u00e3o afeta a legalidade do tratamento baseado no consentimento antes da respetiva retirada.<\/li><li><strong>Direito \u00e0 portabilidade dos dados:<\/strong>\u00a0tem o direito de mover, copiar ou transferir os dados da nossa base de dados para outra.<\/li><li><strong>Direito \u00e0 limita\u00e7\u00e3o do tratamento<\/strong>: tem direito a solicitar a restri\u00e7\u00e3o do tratamento dos seus dados nas seguintes situa\u00e7\u00f5es: se contestar a exatid\u00e3o dos dados; se o tratamento for il\u00edcito e n\u00e3o quiser apagar os seus dados, mas apenas limit\u00e1-los; se os dados j\u00e1 n\u00e3o forem necess\u00e1rios \u00e0\u00a0<strong><a href=\"https:\/\/madalenadiascabeleireira.pt\/\">Madalena Dias Cabeleireiro<\/a><\/strong>, mas necess\u00e1rios ao utilizador ou se tiver exercido o direito de oposi\u00e7\u00e3o acima referido, durante o per\u00edodo de tempo em que a\u00a0<strong><a href=\"https:\/\/madalenadiascabeleireira.pt\/\">Madalena Dias Cabeleireiro<\/a><\/strong>\u00a0analisa se os seus interesses leg\u00edtimos para o tratamento prevalecem ou n\u00e3o sobre aquele direito.<\/li><\/ol><p><strong>TEMPO DURANTE O QUAL ARMAZENAMOS OS DADOS<\/strong><\/p><p>S\u00f3 guardamos os dados pessoais pelo\u00a0<strong>tempo necess\u00e1rio<\/strong>\u00a0para atingir a finalidade para a qual os mesmos foram recolhidos, para responder \u00e0s suas necessidades ou para cumprir com as nossas obriga\u00e7\u00f5es legais.<\/p><p>Para determinar o per\u00edodo pelo qual guardamos os seus dados, usamos os crit\u00e9rios referidos infra. Caso se apliquem v\u00e1rios crit\u00e9rios simultaneamente, conservaremos os seus dados pessoais nos termos do crit\u00e9rio que implicar a conserva\u00e7\u00e3o dos seus\u00a0<strong>dados pessoais<\/strong>\u00a0pelo maior per\u00edodo de tempo.<\/p><ol class=\"wp-block-list\"><li>Quando nos\u00a0<strong>contactar para colocar quest\u00f5es<\/strong>, conservaremos os seus dados pessoais pelo per\u00edodo de tempo necess\u00e1rio para resolver a sua quest\u00e3o;<\/li><li>Quando tenha consentido o\u00a0<strong>envio da newsletter<\/strong>, conservaremos os seus dados pessoais at\u00e9 que anule a subscri\u00e7\u00e3o ou nos pe\u00e7a para a eliminar;<\/li><li>Conservaremos os seus dados pelo per\u00edodo de tempo previsto na\u00a0<strong>legisla\u00e7\u00e3o aplic\u00e1vel<\/strong>\u00a0ou at\u00e9 que o prop\u00f3sito espec\u00edfico aplic\u00e1vel a determinados dados deixe de existir.<\/li><\/ol><p>Em qualquer uma das referidas situa\u00e7\u00f5es, caso exista\u00a0<strong>processo judicial ou contraordenacional pendente<\/strong>, os dados ser\u00e3o conservados ainda durante o per\u00edodo de dura\u00e7\u00e3o do processo e at\u00e9 seis meses ap\u00f3s o tr\u00e2nsito em julgado de decis\u00e3o que venha a ser proferida.<\/p><p>Podemos\u00a0<strong>reter<\/strong>\u00a0ainda alguns dos seus\u00a0<strong>dados pessoais<\/strong>\u00a0na medida em que seja necess\u00e1rio para cumprirmos as nossas\u00a0<strong>obriga\u00e7\u00f5es legais<\/strong>, bem como para gerir ou fazer valer os nossos direitos, designadamente atrav\u00e9s do recurso \u00e0 via judicial.<\/p><p>Findados os prazos de conserva\u00e7\u00e3o acima referidos, os\u00a0<strong>dados pessoais ser\u00e3o eliminados<\/strong>\u00a0de forma segura.<\/p><p><strong>GARANTIAS<\/strong><\/p><p>O\u00a0<strong>titular dos dados<\/strong>\u00a0garante que os\u00a0<strong>dados pessoais<\/strong>\u00a0comunicados \u00e0\u00a0<strong><a href=\"https:\/\/madalenadiascabeleireira.pt\/\">Madalena Dias Cabeleireiro<\/a><\/strong>\u00a0s\u00e3o certos e exatos e compromete-se a notificar qualquer altera\u00e7\u00e3o ou modifica\u00e7\u00e3o aos mesmos e assume\u00a0<strong>responsabilidade exclusiva<\/strong>\u00a0pelas perdas e danos causados pela comunica\u00e7\u00e3o err\u00f3nea, inexata ou incompleta dos dados.<\/p><p>O\u00a0<strong>titular dos dados<\/strong>\u00a0fica expressamente advertido que ao revelar\u00a0<strong>dados pessoais<\/strong>\u00a0em meios p\u00fablicos da\u00a0<strong><a href=\"https:\/\/madalenadiascabeleireira.pt\/\">Madalena Dias Cabeleireiro<\/a><\/strong>\u00a0como o\u00a0<strong>Facebook<\/strong>, esta informa\u00e7\u00e3o poder\u00e1 ser vista e utilizada por terceiros. A\u00a0<strong><a href=\"https:\/\/madalenadiascabeleireira.pt\/\">Madalena Dias Cabeleireiro<\/a><\/strong>\u00a0n\u00e3o l\u00ea nenhuma comunica\u00e7\u00e3o pessoal publicada nas p\u00e1ginas web pr\u00f3prias dos seus visitantes.<\/p><p>A\u00a0<strong><a href=\"https:\/\/madalenadiascabeleireira.pt\/\">Madalena Dias Cabeleireiro<\/a><\/strong>\u00a0reserva-se o direito de\u00a0<strong>modificar a\u00a0Pol\u00edtica de Privacidade<\/strong>\u00a0em fun\u00e7\u00e3o de novas exig\u00eancias legais e\/ou regulamentares, por motivos de seguran\u00e7a ou com a finalidade de adaptar a referida Pol\u00edtica \u00e0s instru\u00e7\u00f5es das autoridades de controlo em mat\u00e9ria de prote\u00e7\u00e3o de dados.<\/p><p>A\u00a0<strong><a href=\"https:\/\/madalenadiascabeleireira.pt\/\">Madalena Dias Cabeleireiro<\/a><\/strong>\u00a0manifesta o seu firme compromisso de\u00a0<strong>cumprir a legisla\u00e7\u00e3o em vigor<\/strong>\u00a0em cada momento e de tratar os seus dados pessoais em conformidade com a presente\u00a0<strong>Pol\u00edtica de Privacidade<\/strong>.<\/p><p><strong>QUEBRAS DE SEGURAN\u00c7A<\/strong><\/p><p>A\u00a0<strong><a href=\"https:\/\/madalenadiascabeleireira.pt\/\">Madalena Dias Cabeleireiro<\/a><\/strong>\u00a0monitoriza de forma continuada as suas pol\u00edticas de seguran\u00e7a e prote\u00e7\u00e3o de\u00a0<strong>dados.<\/strong>\u00a0Se por algum motivo se verificar uma quebra de seguran\u00e7a efetiva ou potencial ser\u00e3o adotadas as seguintes medidas:<\/p><ol class=\"wp-block-list\"><li><strong>Comunica\u00e7\u00e3o imediata<\/strong>\u00a0aos detentores dos dados afetados ou potencialmente afetados pela quebra de seguran\u00e7a;<\/li><li><strong>Comunica\u00e7\u00e3o imediata<\/strong>\u00a0\u00e0s autoridades competentes;<\/li><li><strong>Conten\u00e7\u00e3o imediata<\/strong>\u00a0da quebra de seguran\u00e7a;<\/li><li><strong>Identifica\u00e7\u00e3o dos motivos<\/strong>\u00a0para a quebra de seguran\u00e7a e implementa\u00e7\u00e3o das solu\u00e7\u00f5es adequadas para a sua resolu\u00e7\u00e3o imediata.<\/li><\/ol>\t\t\t\t\t\t\t\t<\/div>\n\t\t\t\t\t<\/div>\n\t\t\t\t<\/div>\n\t\t\t\t<\/div>\n\t\t","protected":false},"excerpt":{"rendered":"<p>Esta pol\u00edtica de privacidade e tratamento de dados aplica-se especifica e exclusivamente \u00e0 atividade da\u00a0Madalena Dias Cabeleireiro, propriet\u00e1ria do website https:\/\/madalenadiascabeleireira.pt\/, e manifesta o seu total compromisso no\u00a0tratamento de dados pessoais\u00a0que nos transmitir em conformidade com a\u00a0Pol\u00edtica de Privacidade\u00a0e a\u00a0Pol\u00edtica de Cookies\u00a0vigente a cada momento, pelo que sugerimos que leia atentamente as referidas pol\u00edticas de [&hellip;]<\/p>\n","protected":false},"author":1,"featured_media":0,"parent":0,"menu_order":0,"comment_status":"closed","ping_status":"open","template":"","meta":{"footnotes":""},"class_list":["post-3","page","type-page","status-publish","hentry"],"blocksy_meta":[],"_links":{"self":[{"href":"https:\/\/madalenadiascabeleireira.pt\/index.php?rest_route=\/wp\/v2\/pages\/3","targetHints":{"allow":["GET"]}}],"collection":[{"href":"https:\/\/madalenadiascabeleireira.pt\/index.php?rest_route=\/wp\/v2\/pages"}],"about":[{"href":"https:\/\/madalenadiascabeleireira.pt\/index.php?rest_route=\/wp\/v2\/types\/page"}],"author":[{"embeddable":true,"href":"https:\/\/madalenadiascabeleireira.pt\/index.php?rest_route=\/wp\/v2\/users\/1"}],"replies":[{"embeddable":true,"href":"https:\/\/madalenadiascabeleireira.pt\/index.php?rest_route=%2Fwp%2Fv2%2Fcomments&post=3"}],"version-history":[{"count":19,"href":"https:\/\/madalenadiascabeleireira.pt\/index.php?rest_route=\/wp\/v2\/pages\/3\/revisions"}],"predecessor-version":[{"id":1541,"href":"https:\/\/madalenadiascabeleireira.pt\/index.php?rest_route=\/wp\/v2\/pages\/3\/revisions\/1541"}],"wp:attachment":[{"href":"https:\/\/madalenadiascabeleireira.pt\/index.php?rest_route=%2Fwp%2Fv2%2Fmedia&parent=3"}],"curies":[{"name":"wp","href":"https:\/\/api.w.org\/{rel}","templated":true}]}}