{"id":961,"date":"2022-08-31T07:14:16","date_gmt":"2022-08-31T07:14:16","guid":{"rendered":"https:\/\/startersites.io\/elementor\/charity\/?page_id=961"},"modified":"2026-01-15T10:30:33","modified_gmt":"2026-01-15T10:30:33","slug":"about","status":"publish","type":"page","link":"https:\/\/madalenadiascabeleireira.pt\/?page_id=961","title":{"rendered":"Sobre N\u00f3s"},"content":{"rendered":"\t\t<div data-elementor-type=\"wp-page\" data-elementor-id=\"961\" class=\"elementor elementor-961\">\n\t\t\t\t<div class=\"elementor-element elementor-element-d59b0cb e-flex e-con-boxed e-con e-parent\" data-id=\"d59b0cb\" data-element_type=\"container\" data-settings=\"{&quot;background_background&quot;:&quot;classic&quot;}\">\n\t\t\t\t\t<div class=\"e-con-inner\">\n\t\t<div class=\"elementor-element elementor-element-e55f7a6 e-con-full e-flex e-con e-child\" data-id=\"e55f7a6\" data-element_type=\"container\">\n\t\t\t\t<div class=\"elementor-element elementor-element-32dfca5 elementor-widget elementor-widget-heading\" data-id=\"32dfca5\" data-element_type=\"widget\" data-widget_type=\"heading.default\">\n\t\t\t\t\t<h2 class=\"elementor-heading-title elementor-size-default\">A Nossa Hist\u00f3ria<\/h2>\t\t\t\t<\/div>\n\t\t\t\t<div class=\"elementor-element elementor-element-a7dec03 elementor-widget elementor-widget-text-editor\" data-id=\"a7dec03\" data-element_type=\"widget\" data-widget_type=\"text-editor.default\">\n\t\t\t\t\t\t\t\t\t<p data-start=\"1194\" data-end=\"1538\">No centro de S\u00e3o Jo\u00e3o da Madeira, o sal\u00e3o nasceu da paix\u00e3o pela arte do cabelo e do cuidado est\u00e9tico. Ao longo dos anos, consolidou-se como um espa\u00e7o de confian\u00e7a, onde cada cliente \u00e9 recebido com proximidade, aten\u00e7\u00e3o personalizada e aconselhamento t\u00e9cnico s\u00e9rio.<br data-start=\"1457\" data-end=\"1460\" \/>Aqui, cada detalhe importa: desde a avalia\u00e7\u00e3o inicial at\u00e9 ao acabamento final.<\/p>\t\t\t\t\t\t\t\t<\/div>\n\t\t\t\t<\/div>\n\t\t<div class=\"elementor-element elementor-element-6093a4e e-con-full e-flex e-con e-child\" data-id=\"6093a4e\" data-element_type=\"container\" data-settings=\"{&quot;background_background&quot;:&quot;classic&quot;}\">\n\t\t\t\t<\/div>\n\t\t\t\t\t<\/div>\n\t\t\t\t<\/div>\n\t\t<div class=\"elementor-element elementor-element-9fe27c5 e-flex e-con-boxed e-con e-parent\" data-id=\"9fe27c5\" data-element_type=\"container\">\n\t\t\t\t\t<div class=\"e-con-inner\">\n\t\t\t\t<div class=\"elementor-element elementor-element-7b4a706 elementor-widget elementor-widget-heading\" data-id=\"7b4a706\" data-element_type=\"widget\" data-widget_type=\"heading.default\">\n\t\t\t\t\t<h2 class=\"elementor-heading-title elementor-size-default\">Como Trabalhamos<\/h2>\t\t\t\t<\/div>\n\t\t\t\t\t<\/div>\n\t\t\t\t<\/div>\n\t\t<div class=\"elementor-element elementor-element-f4d15a7 e-flex e-con-boxed e-con e-parent\" data-id=\"f4d15a7\" data-element_type=\"container\">\n\t\t\t\t\t<div class=\"e-con-inner\">\n\t\t<div class=\"elementor-element elementor-element-869a07d e-con-full e-flex e-con e-child\" data-id=\"869a07d\" data-element_type=\"container\">\n\t\t\t\t<div class=\"elementor-element elementor-element-64be7cf elementor-position-top elementor-widget elementor-widget-image-box\" data-id=\"64be7cf\" data-element_type=\"widget\" data-widget_type=\"image-box.default\">\n\t\t\t\t\t<div class=\"elementor-image-box-wrapper\"><figure class=\"elementor-image-box-img\"><img fetchpriority=\"high\" decoding=\"async\" width=\"1000\" height=\"1000\" src=\"https:\/\/madalenadiascabeleireira.pt\/wp-content\/uploads\/2025\/12\/Artboard-7.png\" class=\"attachment-full size-full wp-image-1358\" alt=\"Icon_Avalia\u00e7\u00e3o Detalhada\" srcset=\"https:\/\/madalenadiascabeleireira.pt\/wp-content\/uploads\/2025\/12\/Artboard-7.png 1000w, https:\/\/madalenadiascabeleireira.pt\/wp-content\/uploads\/2025\/12\/Artboard-7-300x300.png 300w, https:\/\/madalenadiascabeleireira.pt\/wp-content\/uploads\/2025\/12\/Artboard-7-150x150.png 150w, https:\/\/madalenadiascabeleireira.pt\/wp-content\/uploads\/2025\/12\/Artboard-7-768x768.png 768w\" sizes=\"(max-width: 1000px) 100vw, 1000px\" \/><\/figure><div class=\"elementor-image-box-content\"><h3 class=\"elementor-image-box-title\">Avalia\u00e7\u00e3o <br> Detalhada<\/h3><\/div><\/div>\t\t\t\t<\/div>\n\t\t\t\t<\/div>\n\t\t<div class=\"elementor-element elementor-element-1f3daaa e-con-full e-flex e-con e-child\" data-id=\"1f3daaa\" data-element_type=\"container\">\n\t\t\t\t<div class=\"elementor-element elementor-element-f72bc96 elementor-position-top elementor-widget elementor-widget-image-box\" data-id=\"f72bc96\" data-element_type=\"widget\" data-widget_type=\"image-box.default\">\n\t\t\t\t\t<div class=\"elementor-image-box-wrapper\"><figure class=\"elementor-image-box-img\"><img decoding=\"async\" width=\"1000\" height=\"1000\" src=\"https:\/\/madalenadiascabeleireira.pt\/wp-content\/uploads\/2025\/12\/Artboard-8.png\" class=\"attachment-full size-full wp-image-1359\" alt=\"Icon_ Proposta Personalizada\" srcset=\"https:\/\/madalenadiascabeleireira.pt\/wp-content\/uploads\/2025\/12\/Artboard-8.png 1000w, https:\/\/madalenadiascabeleireira.pt\/wp-content\/uploads\/2025\/12\/Artboard-8-300x300.png 300w, https:\/\/madalenadiascabeleireira.pt\/wp-content\/uploads\/2025\/12\/Artboard-8-150x150.png 150w, https:\/\/madalenadiascabeleireira.pt\/wp-content\/uploads\/2025\/12\/Artboard-8-768x768.png 768w\" sizes=\"(max-width: 1000px) 100vw, 1000px\" \/><\/figure><div class=\"elementor-image-box-content\"><h3 class=\"elementor-image-box-title\">Proposta <br> Personalizada<\/h3><\/div><\/div>\t\t\t\t<\/div>\n\t\t\t\t<\/div>\n\t\t<div class=\"elementor-element elementor-element-42f621c e-con-full e-flex e-con e-child\" data-id=\"42f621c\" data-element_type=\"container\">\n\t\t\t\t<div class=\"elementor-element elementor-element-e9adc8c elementor-position-top elementor-widget elementor-widget-image-box\" data-id=\"e9adc8c\" data-element_type=\"widget\" data-widget_type=\"image-box.default\">\n\t\t\t\t\t<div class=\"elementor-image-box-wrapper\"><figure class=\"elementor-image-box-img\"><img decoding=\"async\" width=\"1000\" height=\"1000\" src=\"https:\/\/madalenadiascabeleireira.pt\/wp-content\/uploads\/2025\/12\/Artboard-9.png\" class=\"attachment-full size-full wp-image-1360\" alt=\"Icon_Execu\u00e7\u00e3o Profissional\" srcset=\"https:\/\/madalenadiascabeleireira.pt\/wp-content\/uploads\/2025\/12\/Artboard-9.png 1000w, https:\/\/madalenadiascabeleireira.pt\/wp-content\/uploads\/2025\/12\/Artboard-9-300x300.png 300w, https:\/\/madalenadiascabeleireira.pt\/wp-content\/uploads\/2025\/12\/Artboard-9-150x150.png 150w, https:\/\/madalenadiascabeleireira.pt\/wp-content\/uploads\/2025\/12\/Artboard-9-768x768.png 768w\" sizes=\"(max-width: 1000px) 100vw, 1000px\" \/><\/figure><div class=\"elementor-image-box-content\"><h3 class=\"elementor-image-box-title\">Execu\u00e7\u00e3o <br> Profissional<\/h3><\/div><\/div>\t\t\t\t<\/div>\n\t\t\t\t<\/div>\n\t\t<div class=\"elementor-element elementor-element-990a898 e-con-full e-flex e-con e-child\" data-id=\"990a898\" data-element_type=\"container\">\n\t\t\t\t<div class=\"elementor-element elementor-element-04a5a21 elementor-position-top elementor-widget elementor-widget-image-box\" data-id=\"04a5a21\" data-element_type=\"widget\" data-widget_type=\"image-box.default\">\n\t\t\t\t\t<div class=\"elementor-image-box-wrapper\"><figure class=\"elementor-image-box-img\"><img loading=\"lazy\" decoding=\"async\" width=\"1000\" height=\"1000\" src=\"https:\/\/madalenadiascabeleireira.pt\/wp-content\/uploads\/2025\/12\/Artboard-10.png\" class=\"attachment-full size-full wp-image-1357\" alt=\"Icon_Acompanhamento\" srcset=\"https:\/\/madalenadiascabeleireira.pt\/wp-content\/uploads\/2025\/12\/Artboard-10.png 1000w, https:\/\/madalenadiascabeleireira.pt\/wp-content\/uploads\/2025\/12\/Artboard-10-300x300.png 300w, https:\/\/madalenadiascabeleireira.pt\/wp-content\/uploads\/2025\/12\/Artboard-10-150x150.png 150w, https:\/\/madalenadiascabeleireira.pt\/wp-content\/uploads\/2025\/12\/Artboard-10-768x768.png 768w\" sizes=\"(max-width: 1000px) 100vw, 1000px\" \/><\/figure><div class=\"elementor-image-box-content\"><h3 class=\"elementor-image-box-title\">Acompanhamento<\/h3><\/div><\/div>\t\t\t\t<\/div>\n\t\t\t\t<\/div>\n\t\t\t\t\t<\/div>\n\t\t\t\t<\/div>\n\t\t<div class=\"elementor-element elementor-element-3b693f8 e-flex e-con-boxed e-con e-parent\" data-id=\"3b693f8\" data-element_type=\"container\" data-settings=\"{&quot;background_background&quot;:&quot;classic&quot;}\">\n\t\t\t\t\t<div class=\"e-con-inner\">\n\t\t<div class=\"elementor-element elementor-element-0aec9ab e-con-full e-flex e-con e-child\" data-id=\"0aec9ab\" data-element_type=\"container\">\n\t\t\t\t<div class=\"elementor-element elementor-element-1c577db elementor-widget elementor-widget-spacer\" data-id=\"1c577db\" data-element_type=\"widget\" data-widget_type=\"spacer.default\">\n\t\t\t\t\t\t\t<div class=\"elementor-spacer\">\n\t\t\t<div class=\"elementor-spacer-inner\"><\/div>\n\t\t<\/div>\n\t\t\t\t\t\t<\/div>\n\t\t\t\t<div class=\"elementor-element elementor-element-14470bf elementor-widget elementor-widget-text-editor\" data-id=\"14470bf\" data-element_type=\"widget\" data-widget_type=\"text-editor.default\">\n\t\t\t\t\t\t\t\t\t<p>Mais do que um sal\u00e3o, um lugar de confian\u00e7a<\/p>\t\t\t\t\t\t\t\t<\/div>\n\t\t\t\t<div class=\"elementor-element elementor-element-e9eb73a elementor-widget-divider--view-line elementor-widget elementor-widget-divider\" data-id=\"e9eb73a\" data-element_type=\"widget\" data-widget_type=\"divider.default\">\n\t\t\t\t\t\t\t<div class=\"elementor-divider\">\n\t\t\t<span class=\"elementor-divider-separator\">\n\t\t\t\t\t\t<\/span>\n\t\t<\/div>\n\t\t\t\t\t\t<\/div>\n\t\t\t\t<div class=\"elementor-element elementor-element-cd30820 elementor-widget elementor-widget-heading\" data-id=\"cd30820\" data-element_type=\"widget\" data-widget_type=\"heading.default\">\n\t\t\t\t\t<h2 class=\"elementor-heading-title elementor-size-default\">O Nosso Espa\u00e7o<\/h2>\t\t\t\t<\/div>\n\t\t\t\t<div class=\"elementor-element elementor-element-f737edd elementor-widget elementor-widget-text-editor\" data-id=\"f737edd\" data-element_type=\"widget\" data-widget_type=\"text-editor.default\">\n\t\t\t\t\t\t\t\t\t<p>O espa\u00e7o da <strong data-start=\"386\" data-end=\"427\">Madalena Dias Cabeleireira &amp; Est\u00e9tica<\/strong> foi pensado para receber cada cliente com tranquilidade, conforto e aten\u00e7\u00e3o ao detalhe. Desde a disposi\u00e7\u00e3o do sal\u00e3o at\u00e9 \u00e0 escolha dos materiais e equipamentos, tudo foi planeado para criar uma experi\u00eancia equilibrada, onde o bem-estar acompanha cada servi\u00e7o realizado.<\/p>\t\t\t\t\t\t\t\t<\/div>\n\t\t\t\t<\/div>\n\t\t\t\t\t<\/div>\n\t\t\t\t<\/div>\n\t\t\t\t<\/div>\n\t\t","protected":false},"excerpt":{"rendered":"<p>A Nossa Hist\u00f3ria No centro de S\u00e3o Jo\u00e3o da Madeira, o sal\u00e3o nasceu da paix\u00e3o pela arte do cabelo e do cuidado est\u00e9tico. Ao longo dos anos, consolidou-se como um espa\u00e7o de confian\u00e7a, onde cada cliente \u00e9 recebido com proximidade, aten\u00e7\u00e3o personalizada e aconselhamento t\u00e9cnico s\u00e9rio.Aqui, cada detalhe importa: desde a avalia\u00e7\u00e3o inicial at\u00e9 ao [&hellip;]<\/p>\n","protected":false},"author":1,"featured_media":1279,"parent":0,"menu_order":0,"comment_status":"closed","ping_status":"closed","template":"","meta":{"footnotes":""},"class_list":["post-961","page","type-page","status-publish","has-post-thumbnail","hentry"],"blocksy_meta":{"styles_descriptor":{"styles":{"desktop":"","tablet":"","mobile":""},"google_fonts":[],"version":6}},"_links":{"self":[{"href":"https:\/\/madalenadiascabeleireira.pt\/index.php?rest_route=\/wp\/v2\/pages\/961","targetHints":{"allow":["GET"]}}],"collection":[{"href":"https:\/\/madalenadiascabeleireira.pt\/index.php?rest_route=\/wp\/v2\/pages"}],"about":[{"href":"https:\/\/madalenadiascabeleireira.pt\/index.php?rest_route=\/wp\/v2\/types\/page"}],"author":[{"embeddable":true,"href":"https:\/\/madalenadiascabeleireira.pt\/index.php?rest_route=\/wp\/v2\/users\/1"}],"replies":[{"embeddable":true,"href":"https:\/\/madalenadiascabeleireira.pt\/index.php?rest_route=%2Fwp%2Fv2%2Fcomments&post=961"}],"version-history":[{"count":32,"href":"https:\/\/madalenadiascabeleireira.pt\/index.php?rest_route=\/wp\/v2\/pages\/961\/revisions"}],"predecessor-version":[{"id":1526,"href":"https:\/\/madalenadiascabeleireira.pt\/index.php?rest_route=\/wp\/v2\/pages\/961\/revisions\/1526"}],"wp:featuredmedia":[{"embeddable":true,"href":"https:\/\/madalenadiascabeleireira.pt\/index.php?rest_route=\/wp\/v2\/media\/1279"}],"wp:attachment":[{"href":"https:\/\/madalenadiascabeleireira.pt\/index.php?rest_route=%2Fwp%2Fv2%2Fmedia&parent=961"}],"curies":[{"name":"wp","href":"https:\/\/api.w.org\/{rel}","templated":true}]}}